{"id":1570,"date":"2020-10-10T14:45:14","date_gmt":"2020-10-10T12:45:14","guid":{"rendered":"https:\/\/ksrgmbh.de\/?page_id=1570"},"modified":"2020-10-21T06:48:43","modified_gmt":"2020-10-21T04:48:43","slug":"fuer-krankenhaeuser-praxen","status":"publish","type":"page","link":"https:\/\/ksrgmbh.de\/?page_id=1570","title":{"rendered":"F\u00fcr Krankenh\u00e4user &#038; Praxen"},"content":{"rendered":"\t\t<div data-elementor-type=\"wp-page\" data-elementor-id=\"1570\" class=\"elementor elementor-1570\" data-elementor-post-type=\"page\">\n\t\t\t\t\t\t<section class=\"elementor-section elementor-top-section elementor-element elementor-element-4058f35 elementor-section-boxed elementor-section-height-default elementor-section-height-default\" data-id=\"4058f35\" data-element_type=\"section\" data-e-type=\"section\">\n\t\t\t\t\t\t<div class=\"elementor-container elementor-column-gap-wide\">\n\t\t\t\t\t<div class=\"elementor-column elementor-col-100 elementor-top-column elementor-element elementor-element-50cd51b\" data-id=\"50cd51b\" data-element_type=\"column\" data-e-type=\"column\">\n\t\t\t<div class=\"elementor-widget-wrap elementor-element-populated\">\n\t\t\t\t\t\t<section class=\"elementor-section elementor-inner-section elementor-element elementor-element-8c6c153 elementor-section-boxed elementor-section-height-default elementor-section-height-default\" data-id=\"8c6c153\" data-element_type=\"section\" data-e-type=\"section\">\n\t\t\t\t\t\t<div class=\"elementor-container elementor-column-gap-wide\">\n\t\t\t\t\t<div class=\"elementor-column elementor-col-50 elementor-inner-column elementor-element elementor-element-7cbae54\" data-id=\"7cbae54\" data-element_type=\"column\" data-e-type=\"column\">\n\t\t\t<div class=\"elementor-widget-wrap elementor-element-populated\">\n\t\t\t\t\t\t<div class=\"elementor-element elementor-element-092327f elementor-widget elementor-widget-heading\" data-id=\"092327f\" data-element_type=\"widget\" data-e-type=\"widget\" data-widget_type=\"heading.default\">\n\t\t\t\t<div class=\"elementor-widget-container\">\n\t\t\t\t\t<h2 class=\"elementor-heading-title elementor-size-default\">Krankenh\u00e4user, Praxen und \nTherapieeinrichtugen<\/h2>\t\t\t\t<\/div>\n\t\t\t\t<\/div>\n\t\t\t\t\t<\/div>\n\t\t<\/div>\n\t\t\t\t<div class=\"elementor-column elementor-col-50 elementor-inner-column elementor-element elementor-element-bdd2639\" data-id=\"bdd2639\" data-element_type=\"column\" data-e-type=\"column\">\n\t\t\t<div class=\"elementor-widget-wrap elementor-element-populated\">\n\t\t\t\t\t\t<div class=\"elementor-element elementor-element-0e9beb7 elementor-widget elementor-widget-text-editor\" data-id=\"0e9beb7\" data-element_type=\"widget\" data-e-type=\"widget\" data-widget_type=\"text-editor.default\">\n\t\t\t\t<div class=\"elementor-widget-container\">\n\t\t\t\t\t\t\t\t\t<p>Ihr B\u00fcro ben\u00f6tigt Visitenkarten, Briefpapier, einen Stempel, Notiz- oder Rechnungsbl\u00f6cke, Termin- oder Laborzettel? F\u00fcr die Patienten ben\u00f6tigen Sie Informationsflyer oder Handzettel und die Scheibe im Labor braucht dringend eine Sichtschutzfolie? Und nun auch noch ein Anruf vom Hausmeister, dass Ihr Au\u00dfenschild besch\u00e4digt sei&#8230; Kein Problem, zum Gl\u00fcck d\u00fcrfen Sie uns zu Ihrem Team z\u00e4hlen. Wir gehen das an \u2013 gemeinsam \u2013 und liefern schnell kompetente L\u00f6sungen.<\/p>\t\t\t\t\t\t\t\t<\/div>\n\t\t\t\t<\/div>\n\t\t\t\t\t<\/div>\n\t\t<\/div>\n\t\t\t\t\t<\/div>\n\t\t<\/section>\n\t\t\t\t<section class=\"elementor-section elementor-inner-section elementor-element elementor-element-92c4924 elementor-section-boxed elementor-section-height-default elementor-section-height-default\" data-id=\"92c4924\" data-element_type=\"section\" data-e-type=\"section\">\n\t\t\t\t\t\t<div class=\"elementor-container elementor-column-gap-wide\">\n\t\t\t\t\t<div class=\"elementor-column elementor-col-100 elementor-inner-column elementor-element elementor-element-9a849c0\" data-id=\"9a849c0\" data-element_type=\"column\" data-e-type=\"column\">\n\t\t\t<div class=\"elementor-widget-wrap elementor-element-populated\">\n\t\t\t\t\t\t<div class=\"elementor-element elementor-element-f507a3f elementor--h-position-left elementor-pagination-position-outside elementor--v-position-middle elementor-widget elementor-widget-slides\" data-id=\"f507a3f\" data-element_type=\"widget\" data-e-type=\"widget\" data-settings=\"{&quot;navigation&quot;:&quot;dots&quot;,&quot;autoplay&quot;:&quot;yes&quot;,&quot;pause_on_hover&quot;:&quot;yes&quot;,&quot;pause_on_interaction&quot;:&quot;yes&quot;,&quot;autoplay_speed&quot;:5000,&quot;infinite&quot;:&quot;yes&quot;,&quot;transition&quot;:&quot;slide&quot;,&quot;transition_speed&quot;:500}\" data-widget_type=\"slides.default\">\n\t\t\t\t<div class=\"elementor-widget-container\">\n\t\t\t\t\t\t\t\t\t<div class=\"elementor-swiper\">\n\t\t\t\t\t<div class=\"elementor-slides-wrapper elementor-main-swiper swiper\" role=\"region\" aria-roledescription=\"carousel\" aria-label=\"Slider\" dir=\"ltr\" data-animation=\"fadeInUp\">\n\t\t\t\t<div class=\"swiper-wrapper elementor-slides\">\n\t\t\t\t\t\t\t\t\t\t<div class=\"elementor-repeater-item-ec6e26e swiper-slide\" role=\"group\" aria-roledescription=\"slide\"><div class=\"swiper-slide-bg\" role=\"img\" aria-label=\"\"><\/div><div class=\"elementor-background-overlay\"><\/div><a class=\"swiper-slide-inner\" href=\"https:\/\/ksrgmbh.de\/schilder\/\"><div class=\"swiper-slide-contents\"><div class=\"elementor-slide-heading\">Unser Service f\u00fcr Sie <\/div><div class=\"elementor-slide-description\">Wir unterst\u00fctzen Sie in Sachen Druck, B\u00fcroausstattung, Beschilderung und allem, was dazu geh\u00f6rt.<\/div><div  class=\"elementor-button elementor-slide-button elementor-size-sm\">mehr Infos<\/div><\/div><\/a><\/div><div class=\"elementor-repeater-item-c518b46 swiper-slide\" role=\"group\" aria-roledescription=\"slide\"><div class=\"swiper-slide-bg\" role=\"img\" aria-label=\"\"><\/div><div class=\"elementor-background-overlay\"><\/div><a class=\"swiper-slide-inner\" href=\"https:\/\/ksrgmbh.de\/personalisierte-mailings\/\"><div class=\"swiper-slide-contents\"><div class=\"elementor-slide-heading\">Personalisierte Mailings<\/div><div class=\"elementor-slide-description\">Sie planen eine Veranstaltung oder Fortbildung und wollen dazu einladen? Gerne erstellen wir aus Ihrer Vorlage einen Serienbrief und f\u00fcgen die von Ihnen vorgegebenen Adressen ein. Anschlie\u00dfend wird alles maschinell kuvertiert und zur Post gebracht.<\/div><div  class=\"elementor-button elementor-slide-button elementor-size-sm\">mehr Infos<\/div><\/div><\/a><\/div>\t\t\t\t<\/div>\n\t\t\t\t\t\t\t\t\t\t\t\t\t\t\t\t\t\t\t\t<div class=\"swiper-pagination\"><\/div>\n\t\t\t\t\t\t\t\t\t\t\t\t<\/div>\n\t\t\t\t<\/div>\n\t\t\t\t\t\t\t\t<\/div>\n\t\t\t\t<\/div>\n\t\t\t\t\t<\/div>\n\t\t<\/div>\n\t\t\t\t\t<\/div>\n\t\t<\/section>\n\t\t\t\t\t<\/div>\n\t\t<\/div>\n\t\t\t\t\t<\/div>\n\t\t<\/section>\n\t\t\t\t<section class=\"elementor-section elementor-top-section elementor-element elementor-element-8347a03 elementor-section-boxed elementor-section-height-default elementor-section-height-default elementor-invisible\" data-id=\"8347a03\" data-element_type=\"section\" data-e-type=\"section\" data-settings=\"{&quot;animation&quot;:&quot;slideInUp&quot;}\">\n\t\t\t\t\t\t<div class=\"elementor-container elementor-column-gap-wide\">\n\t\t\t\t\t<div class=\"elementor-column elementor-col-100 elementor-top-column elementor-element elementor-element-aeb8448\" data-id=\"aeb8448\" data-element_type=\"column\" data-e-type=\"column\">\n\t\t\t<div class=\"elementor-widget-wrap elementor-element-populated\">\n\t\t\t\t\t\t<section class=\"elementor-section elementor-inner-section elementor-element elementor-element-079bbe5 elementor-section-boxed elementor-section-height-default elementor-section-height-default\" data-id=\"079bbe5\" data-element_type=\"section\" data-e-type=\"section\">\n\t\t\t\t\t\t<div class=\"elementor-container elementor-column-gap-wide\">\n\t\t\t\t\t<div class=\"elementor-column elementor-col-100 elementor-inner-column elementor-element elementor-element-0d736b4\" data-id=\"0d736b4\" data-element_type=\"column\" data-e-type=\"column\">\n\t\t\t<div class=\"elementor-widget-wrap elementor-element-populated\">\n\t\t\t\t\t\t<div class=\"elementor-element elementor-element-7bd26ee elementor-widget elementor-widget-heading\" data-id=\"7bd26ee\" data-element_type=\"widget\" data-e-type=\"widget\" data-widget_type=\"heading.default\">\n\t\t\t\t<div class=\"elementor-widget-container\">\n\t\t\t\t\t<h2 class=\"elementor-heading-title elementor-size-default\">Sie versorgen Ihre Patienten. Wir versorgen Sie.\n<\/h2>\t\t\t\t<\/div>\n\t\t\t\t<\/div>\n\t\t\t\t<div class=\"elementor-element elementor-element-b9ffb19 elementor-widget elementor-widget-text-editor\" data-id=\"b9ffb19\" data-element_type=\"widget\" data-e-type=\"widget\" data-widget_type=\"text-editor.default\">\n\t\t\t\t<div class=\"elementor-widget-container\">\n\t\t\t\t\t\t\t\t\t<p>Im Gesundheitswesen liegt Ihr Fokus auf den Patienten, die Sie bestm\u00f6glich versorgen m\u00f6chten, damit diese den Besuch in Ihrer Einrichtung mit Positivem verbindet. Hierbei hilft eine strukturierte, \u00fcbersichtliche Praxis-Einrichtung und -Beschilderung, ein freundliches Ambiente, verst\u00e4ndliche Formulare und Informationsmedien und ein kompetentes Team. Ein klares Leitsystem zum Beispiel, mit Hinweisschildern an T\u00fcren, Typenschildern an Ger\u00e4ten oder Namensschilder f\u00fcr Ihre Mitarbeiter, macht Ihre Einrichtung mit wenigen Handgriffen zu einem strukturiertem Ort, dem Ihre Patienten gerne Vertrauen schenken. <strong>Lassen Sie uns zu Ihrem Team geh\u00f6ren: Wir helfen Ihnen all diese Punkte umzusetzen.<\/strong><\/p>\t\t\t\t\t\t\t\t<\/div>\n\t\t\t\t<\/div>\n\t\t\t\t\t<\/div>\n\t\t<\/div>\n\t\t\t\t\t<\/div>\n\t\t<\/section>\n\t\t\t\t<section class=\"elementor-section elementor-inner-section elementor-element elementor-element-8d72e89 elementor-section-boxed elementor-section-height-default elementor-section-height-default\" data-id=\"8d72e89\" data-element_type=\"section\" data-e-type=\"section\">\n\t\t\t\t\t\t<div class=\"elementor-container elementor-column-gap-wide\">\n\t\t\t\t\t<div class=\"elementor-column elementor-col-100 elementor-inner-column elementor-element elementor-element-60249ea\" data-id=\"60249ea\" data-element_type=\"column\" data-e-type=\"column\">\n\t\t\t<div class=\"elementor-widget-wrap\">\n\t\t\t\t\t\t\t<\/div>\n\t\t<\/div>\n\t\t\t\t\t<\/div>\n\t\t<\/section>\n\t\t\t\t\t<\/div>\n\t\t<\/div>\n\t\t\t\t\t<\/div>\n\t\t<\/section>\n\t\t\t\t<\/div>\n\t\t","protected":false},"excerpt":{"rendered":"<p>Krankenh\u00e4user, Praxen und Therapieeinrichtugen Ihr B\u00fcro ben\u00f6tigt Visitenkarten, Briefpapier, einen Stempel, Notiz- oder Rechnungsbl\u00f6cke, Termin- oder Laborzettel? F\u00fcr die Patienten ben\u00f6tigen Sie Informationsflyer oder Handzettel und die Scheibe im Labor braucht dringend eine Sichtschutzfolie? Und nun auch noch ein Anruf vom Hausmeister, dass Ihr Au\u00dfenschild besch\u00e4digt sei&#8230; Kein Problem, zum Gl\u00fcck d\u00fcrfen Sie uns zu [&hellip;]<\/p>\n","protected":false},"author":3,"featured_media":0,"parent":0,"menu_order":0,"comment_status":"closed","ping_status":"closed","template":"","meta":{"footnotes":""},"class_list":["post-1570","page","type-page","status-publish","hentry"],"_links":{"self":[{"href":"https:\/\/ksrgmbh.de\/index.php?rest_route=\/wp\/v2\/pages\/1570","targetHints":{"allow":["GET"]}}],"collection":[{"href":"https:\/\/ksrgmbh.de\/index.php?rest_route=\/wp\/v2\/pages"}],"about":[{"href":"https:\/\/ksrgmbh.de\/index.php?rest_route=\/wp\/v2\/types\/page"}],"author":[{"embeddable":true,"href":"https:\/\/ksrgmbh.de\/index.php?rest_route=\/wp\/v2\/users\/3"}],"replies":[{"embeddable":true,"href":"https:\/\/ksrgmbh.de\/index.php?rest_route=%2Fwp%2Fv2%2Fcomments&post=1570"}],"version-history":[{"count":4,"href":"https:\/\/ksrgmbh.de\/index.php?rest_route=\/wp\/v2\/pages\/1570\/revisions"}],"predecessor-version":[{"id":2548,"href":"https:\/\/ksrgmbh.de\/index.php?rest_route=\/wp\/v2\/pages\/1570\/revisions\/2548"}],"wp:attachment":[{"href":"https:\/\/ksrgmbh.de\/index.php?rest_route=%2Fwp%2Fv2%2Fmedia&parent=1570"}],"curies":[{"name":"wp","href":"https:\/\/api.w.org\/{rel}","templated":true}]}}