{"id":1700,"date":"2020-10-12T04:48:25","date_gmt":"2020-10-12T02:48:25","guid":{"rendered":"https:\/\/ksrgmbh.de\/?page_id=1700"},"modified":"2023-08-14T10:22:53","modified_gmt":"2023-08-14T08:22:53","slug":"ueber-uns","status":"publish","type":"page","link":"https:\/\/ksrgmbh.de\/?page_id=1700","title":{"rendered":"\u00dcber uns"},"content":{"rendered":"\t\t<div data-elementor-type=\"wp-page\" data-elementor-id=\"1700\" class=\"elementor elementor-1700\" data-elementor-post-type=\"page\">\n\t\t\t\t\t\t<section class=\"elementor-section elementor-top-section elementor-element elementor-element-da82084 elementor-section-boxed elementor-section-height-default elementor-section-height-default\" data-id=\"da82084\" data-element_type=\"section\" data-e-type=\"section\">\n\t\t\t\t\t\t<div class=\"elementor-container elementor-column-gap-default\">\n\t\t\t\t\t<div class=\"elementor-column elementor-col-50 elementor-top-column elementor-element elementor-element-3ed2fc2\" data-id=\"3ed2fc2\" data-element_type=\"column\" data-e-type=\"column\">\n\t\t\t<div class=\"elementor-widget-wrap elementor-element-populated\">\n\t\t\t\t\t\t<div class=\"elementor-element elementor-element-78188fc elementor-widget elementor-widget-text-editor\" data-id=\"78188fc\" data-element_type=\"widget\" data-e-type=\"widget\" data-widget_type=\"text-editor.default\">\n\t\t\t\t<div class=\"elementor-widget-container\">\n\t\t\t\t\t\t\t\t\t<h1><strong>Einzelproduktion bis Gro\u00dfauflage <\/strong><\/h1><p>Seit 15 Jahren gibt es den Kopier-Service Reinbek und im Gegensatz zu einer reinen Online-Druckerei bieten wir auch den pers\u00f6nlichen Kontakt vor Ort mit fachlich fundierter Beratung.<\/p><p><strong>Unsere Mitarbeiter kommen aus den Bereichen Werbetechnik, Design und Verkauf.<\/strong> Profitieren Sie von unserem Know-how und unserer professionellen Beratung. Viele unserer Kunden sind begeistert und best\u00e4tigen, dass h\u00e4ufig auch bei kleinen Druckprojekten gerade dieser Kontakt entscheidend f\u00fcr ein perfektes Druckergebnis ist.<\/p>\t\t\t\t\t\t\t\t<\/div>\n\t\t\t\t<\/div>\n\t\t\t\t\t<\/div>\n\t\t<\/div>\n\t\t\t\t<div class=\"elementor-column elementor-col-50 elementor-top-column elementor-element elementor-element-c197d7a\" data-id=\"c197d7a\" data-element_type=\"column\" data-e-type=\"column\">\n\t\t\t<div class=\"elementor-widget-wrap elementor-element-populated\">\n\t\t\t\t\t\t<div class=\"elementor-element elementor-element-0547025 elementor-widget elementor-widget-image\" data-id=\"0547025\" data-element_type=\"widget\" data-e-type=\"widget\" data-widget_type=\"image.default\">\n\t\t\t\t<div class=\"elementor-widget-container\">\n\t\t\t\t\t\t\t\t\t\t\t\t\t\t\t<img decoding=\"async\" src=\"https:\/\/ksrgmbh.de\/wp-content\/uploads\/2020\/10\/Ueber_Uns_KSR_GmbH_02-1.jpg\" title=\"\" alt=\"\" loading=\"lazy\" \/>\t\t\t\t\t\t\t\t\t\t\t\t\t\t\t<\/div>\n\t\t\t\t<\/div>\n\t\t\t\t\t<\/div>\n\t\t<\/div>\n\t\t\t\t\t<\/div>\n\t\t<\/section>\n\t\t\t\t<section class=\"elementor-section elementor-top-section elementor-element elementor-element-94fc708 elementor-section-boxed elementor-section-height-default elementor-section-height-default\" data-id=\"94fc708\" data-element_type=\"section\" data-e-type=\"section\">\n\t\t\t\t\t\t<div class=\"elementor-container elementor-column-gap-default\">\n\t\t\t\t\t<div class=\"elementor-column elementor-col-50 elementor-top-column elementor-element elementor-element-a81f0f5\" data-id=\"a81f0f5\" data-element_type=\"column\" data-e-type=\"column\">\n\t\t\t<div class=\"elementor-widget-wrap elementor-element-populated\">\n\t\t\t\t\t\t<div class=\"elementor-element elementor-element-a1c9741 elementor-widget elementor-widget-heading\" data-id=\"a1c9741\" data-element_type=\"widget\" data-e-type=\"widget\" data-widget_type=\"heading.default\">\n\t\t\t\t<div class=\"elementor-widget-container\">\n\t\t\t\t\t<h4 class=\"elementor-heading-title elementor-size-default\">Wir sind die Kopier-Service Reinbek GmbH und geh\u00f6ren zu den flexibelsten Druckereien im Hamburger Osten.<\/h4>\t\t\t\t<\/div>\n\t\t\t\t<\/div>\n\t\t\t\t<div class=\"elementor-element elementor-element-7d9083e elementor-widget elementor-widget-text-editor\" data-id=\"7d9083e\" data-element_type=\"widget\" data-e-type=\"widget\" data-widget_type=\"text-editor.default\">\n\t\t\t\t<div class=\"elementor-widget-container\">\n\t\t\t\t\t\t\t\t\t<p><strong>Und \u2013 wir k\u00f6nnen viel mehr als einfach nur drucken !<\/strong>&nbsp; In unserem Arbeitsalltag besch\u00e4ftigen wir uns haupts\u00e4chlich mit dem Digitaldruck, der Weiterverarbeitung von Druckerzeugnissen, dem Betreuen von Kunden, dem Erstellen von Werbetechnik-Konzepten und dem Designen von Druckdaten und vielen anderen Medien.<\/p>\t\t\t\t\t\t\t\t<\/div>\n\t\t\t\t<\/div>\n\t\t\t\t\t<\/div>\n\t\t<\/div>\n\t\t\t\t<div class=\"elementor-column elementor-col-50 elementor-top-column elementor-element elementor-element-33b5667\" data-id=\"33b5667\" data-element_type=\"column\" data-e-type=\"column\">\n\t\t\t<div class=\"elementor-widget-wrap elementor-element-populated\">\n\t\t\t\t\t\t<div class=\"elementor-element elementor-element-4e39e55 elementor-widget elementor-widget-text-editor\" data-id=\"4e39e55\" data-element_type=\"widget\" data-e-type=\"widget\" data-widget_type=\"text-editor.default\">\n\t\t\t\t<div class=\"elementor-widget-container\">\n\t\t\t\t\t\t\t\t\t<p><strong>Was uns auszeichnet?<\/strong> Unsere technische Ausstattung halten wir immer auf dem neusten Stand und entwickeln uns somit stetig weiter. Unser breitgef\u00e4chertes Aufgabenspektrum bietet viel Abwechslung im Arbeitsalltag. Da wir ein recht kleiner Betrieb sind, legen wir sehr viel Wert auf ein harmonisches Miteinander.<\/p>\t\t\t\t\t\t\t\t<\/div>\n\t\t\t\t<\/div>\n\t\t\t\t\t<\/div>\n\t\t<\/div>\n\t\t\t\t\t<\/div>\n\t\t<\/section>\n\t\t\t\t<\/div>\n\t\t","protected":false},"excerpt":{"rendered":"<p>Einzelproduktion bis Gro\u00dfauflage Seit 15 Jahren gibt es den Kopier-Service Reinbek und im Gegensatz zu einer reinen Online-Druckerei bieten wir auch den pers\u00f6nlichen Kontakt vor Ort mit fachlich fundierter Beratung. Unsere Mitarbeiter kommen aus den Bereichen Werbetechnik, Design und Verkauf. Profitieren Sie von unserem Know-how und unserer professionellen Beratung. Viele unserer Kunden sind begeistert und [&hellip;]<\/p>\n","protected":false},"author":3,"featured_media":0,"parent":0,"menu_order":0,"comment_status":"closed","ping_status":"closed","template":"","meta":{"footnotes":""},"class_list":["post-1700","page","type-page","status-publish","hentry"],"_links":{"self":[{"href":"https:\/\/ksrgmbh.de\/index.php?rest_route=\/wp\/v2\/pages\/1700","targetHints":{"allow":["GET"]}}],"collection":[{"href":"https:\/\/ksrgmbh.de\/index.php?rest_route=\/wp\/v2\/pages"}],"about":[{"href":"https:\/\/ksrgmbh.de\/index.php?rest_route=\/wp\/v2\/types\/page"}],"author":[{"embeddable":true,"href":"https:\/\/ksrgmbh.de\/index.php?rest_route=\/wp\/v2\/users\/3"}],"replies":[{"embeddable":true,"href":"https:\/\/ksrgmbh.de\/index.php?rest_route=%2Fwp%2Fv2%2Fcomments&post=1700"}],"version-history":[{"count":15,"href":"https:\/\/ksrgmbh.de\/index.php?rest_route=\/wp\/v2\/pages\/1700\/revisions"}],"predecessor-version":[{"id":2923,"href":"https:\/\/ksrgmbh.de\/index.php?rest_route=\/wp\/v2\/pages\/1700\/revisions\/2923"}],"wp:attachment":[{"href":"https:\/\/ksrgmbh.de\/index.php?rest_route=%2Fwp%2Fv2%2Fmedia&parent=1700"}],"curies":[{"name":"wp","href":"https:\/\/api.w.org\/{rel}","templated":true}]}}