{"id":2436,"date":"2020-10-20T12:55:13","date_gmt":"2020-10-20T10:55:13","guid":{"rendered":"https:\/\/ksrgmbh.de\/?page_id=2436"},"modified":"2020-10-20T12:56:08","modified_gmt":"2020-10-20T10:56:08","slug":"agb","status":"publish","type":"page","link":"https:\/\/ksrgmbh.de\/?page_id=2436","title":{"rendered":"AGB"},"content":{"rendered":"\t\t<div data-elementor-type=\"wp-page\" data-elementor-id=\"2436\" class=\"elementor elementor-2436\" data-elementor-post-type=\"page\">\n\t\t\t\t\t\t<section class=\"elementor-section elementor-top-section elementor-element elementor-element-dd1e4f5 elementor-section-boxed elementor-section-height-default elementor-section-height-default\" data-id=\"dd1e4f5\" data-element_type=\"section\" data-e-type=\"section\">\n\t\t\t\t\t\t<div class=\"elementor-container elementor-column-gap-wide\">\n\t\t\t\t\t<div class=\"elementor-column elementor-col-100 elementor-top-column elementor-element elementor-element-4cfb9a84\" data-id=\"4cfb9a84\" data-element_type=\"column\" data-e-type=\"column\">\n\t\t\t<div class=\"elementor-widget-wrap elementor-element-populated\">\n\t\t\t\t\t\t<section class=\"elementor-section elementor-inner-section elementor-element elementor-element-539c1f04 elementor-section-boxed elementor-section-height-default elementor-section-height-default\" data-id=\"539c1f04\" data-element_type=\"section\" data-e-type=\"section\">\n\t\t\t\t\t\t<div class=\"elementor-container elementor-column-gap-wide\">\n\t\t\t\t\t<div class=\"elementor-column elementor-col-100 elementor-inner-column elementor-element elementor-element-1c7d0f8a\" data-id=\"1c7d0f8a\" data-element_type=\"column\" data-e-type=\"column\">\n\t\t\t<div class=\"elementor-widget-wrap elementor-element-populated\">\n\t\t\t\t\t\t<div class=\"elementor-element elementor-element-d720a2a elementor-widget elementor-widget-text-editor\" data-id=\"d720a2a\" data-element_type=\"widget\" data-e-type=\"widget\" data-widget_type=\"text-editor.default\">\n\t\t\t\t<div class=\"elementor-widget-container\">\n\t\t\t\t\t\t\t\t\t<h1>Allgemeine Gesch\u00e4ftsbedingungen der Kopier-Service Reinbek GmbH<\/h1><h4>\u00a7 1. Geltungsbereich<\/h4><p>(1) Diese Auftragsbedingungen gelten f\u00fcr Vertr\u00e4ge zwischen dem KSR GmbH und Ihren Auftraggeber (Kunden), soweit nicht anderes ausdr\u00fccklich vereinbart oder gesetzlich unabdingbar vorgeschrieben ist.<\/p><p>(2) Diese allgemeine Gesch\u00e4ftsbedingungen sind f\u00fcr die Kunden verbindlich, in dem Moment, in dem der Auftragnehmer (KSR GmbH) f\u00fcr die Kunden t\u00e4tig wird oder der Kunde per Selbstbedienung die Maschinen bedient.<\/p><p>(3) F\u00fcr die per Selbstbedienung durchgef\u00fchrte Auftragsarbeiten \u00fcbernimmt der Auftragnehmer (KSR GmbH) keine Haftung.<\/p><p>(4) Die Selbstbediener (Kunden, die die Maschinen selbst bedienen) haften im vollen Umfang f\u00fcr die verursachten Sch\u00e4den, die bei grobfahrl\u00e4ssige Bedienung der Maschinen oder aus einem anderen Grund entstehen und verursacht werden.<\/p><p>\u00a7 2 Mitwirkungs- und Aufkl\u00e4rungspflicht des Auftraggebers<\/p><p>(1) Der Auftraggeber hat dem Auftraggeber sp\u00e4testens bei Auftragvergabe \u00fcber besondere Ausf\u00fchrungsformen zu unterrichten (Anzahl der Auftr\u00e4ge, Form, Gr\u00f6\u00dfe und Format, Angaben \u00fcber Materialien etc.). Der Verwendungszweck des Auftrages ist anzugeben. Ist der Auftrag f\u00fcr den Druck zur Ver\u00f6ffentlichung oder Ver\u00e4u\u00dferung oder andere Zwecke bestimmt, hat der Auftraggeber dem Auftragnehmer (KSR GmbH) zu informieren und einen Abzug zur Korrektur zu \u00fcbergeben.<\/p><p>(2) Information und Unterlagen, die zur Erstellung des Auftrages notwendig sind, hat der Auftraggeber unaufgefordert und bei Auftragsvergabe dem Auftragnehmer (KSR GmbH) zur Verf\u00fcgung zu stellen (Glossare des Auftraggebers, Abbildungen, Zeichnungen, Tabellen, Abk\u00fcrzungen, Datentr\u00e4ger,<\/p><div data-canvas-width=\"123.86000000000001\"><p>Originale, etc.).<\/p><p>(3)Fehler, die sich aus der Nichteinhaltung dieser Obliegenheiten ergeben, gehen zu Lasten des Auftraggebers.<\/p><h4>\u00a7 3. Ausf\u00fchrung und M\u00e4ngelbeseitigung<\/h4><p>(1) Der Auftragnehmer (KSR GmbH) f\u00fchrt die Auftr\u00e4ge nach den Grunds\u00e4tzen ordnungsgem\u00e4\u00dfer Berufsaus\u00fcbung durch. Die Auftr\u00e4ge werden, sofern keine Unterlagen oder besonderen Anweisungen durch den Auftraggeber beigef\u00fcgt worden sind, in die allgemein \u00fcblich vertretbare bzw. allgemein verst\u00e4ndliche Version durchgef\u00fchrt.<\/p><p>(2) M\u00e4ngel in dem Auftrag, die auf schlecht lesbare, fehlerhafte oder unvollst\u00e4ndiger Textvorlage oder mitgebrachte Materialien wie Diskette, Cd-s und andere Datentr\u00e4ger, oder auf fehlerhafte oder falsche kundeneigene Terminologie, schlechte Vorlagen und Originale, falsche oder fehlerhafte Aussage des Kunden, zur\u00fcckzuf\u00fchren sind, fallen nicht in dem Verantwortungsbereich des Auftragnehmers (KSR GmbH). In solchen F\u00e4llen sind die Kunden (Auftraggeber) zur Zahlung bis zur H\u00f6he der durchgef\u00fchrten Auftragsarbeiten verpflichtet.<\/p><p>(3) Die Kunden (Auftraggeber) sind verpflichtet, Ihre Auftr\u00e4ge, die Dienstleistungen, Produkte und Ware, ob gekauft oder erstellt, Rechungen und sonstige<\/p><p>Leistungen des Auftragnehmers (KSR GmbH) gleich nach dem Erhalt zu \u00fcberpr\u00fcfen, Eine sp\u00e4tere Reklamation , Schadenersatzanspr\u00fcche, \u00c4nderung, Nachbesserung und Neudurchf\u00fchrung des Auftrages ist durch Auftragnehmer (KSR GmbH) ausgeschlossen.<\/p><p>(4) R\u00fcgt der Auftraggeber einen in Auftrag objektiv vorhandenen , nicht unerheblichen M\u00e4ngel, oder durch die Maschinen verursachte M\u00e4ngel, hat der Auftraggeber dies unverz\u00fcglich dem Auftagnehmer (KSR GmbH) zu melden und hat Anspruch auf Beseitigung der in dem Auftrag enthaltenen M\u00e4ngel durch den Auftragnehmer. Der Anspruch auf M\u00e4ngelbeseitigung mu\u00df vom Auftraggeber unter genauer Angabe des Mangels dem Auftragnehmer (KSR GmbH) gegen\u00fcber schriftlich und unverz\u00fcglich geltend gemacht werden. F\u00fcr die Nacharbeit ist dem Auftragnehmer vom Auftraggeber eine angemessene Frist einzur\u00e4umen. Bei Verzicht auf M\u00e4ngelbeseitigung kann der Auftraggeber nur bis H\u00f6he der Auftragsarbeit Schadenersatz gelten machen. Der Auftragnehmer (KSR GmbH) \u00fcbernimmt keine Haftung f\u00fcr Folgesch\u00e4den und andere Anspr\u00fcche durch den Auftraggeber (Kunden).<\/p><p>(5) Der Anspruch auf Nachbesserung ist ausgeschlossen, wenn die M\u00e4ngelanzeige nicht innerhalb von 24 Stunden nach Abgabe der Auftragsarbeiten eingegangen ist. Absatz (5) gilt nicht f\u00fcr \u00a7 3 und f\u00fcr die Selbstbedienungsarbeiten durch die Auftraggeber (Kunden) und Durchf\u00fchrung der Auftragsarbeiten auf die von Auftraggeber mitgelieferten Materialien.<\/p><p>(6) Im Falle des Fehlschlagens der Nachbesserung oder einer Ersatzlieferung leben die gesetzlichen Gew\u00e4hrleistungsrechte wieder auf, sofern nicht eine andere Vereinbarung getroffen wurde.<\/p><p>(7) Lieferfristen und -termine werden bei Auftragsvergabe vereinbart und sind bindend. Der Auftragnehmer (KSR GmbH) kommt jedoch nicht in Verzug, solange die Leistung infolge eines Umstandes unterbleibt, den er nicht zu vertreten hat. Beruht die Nichtenhaltung eines Liefertermins auf h\u00f6here Gewalt, so ist der Auftragnehmer berechtigt , vom Vertrag zur\u00fcckzutreten oder vom Auftraggeber eine angemessene Nachfrist zu verlangen. Weitergehende Rechte, insbesondere Schadensersatzanspr\u00fcche, sind in diesen F\u00e4llen ausgeschlossen. Bei \u00c4nderung des Auftragsgegenstandes sind Lieferfristen und Honorare neu zu verhandeln.<\/p><h4>\u00a7 4. Haftung<\/h4><p>(1) Der Auftragnehmer (KSR GmbH) haftet bei grober Fahrl\u00e4ssigkeit und Vorsatz in angemessener H\u00f6he, Eine Haftung bei leichter Fahrl\u00e4ssigkeit tritt nur bei Verletzung vertragswesentlicher Pflichten ein.<\/p><p>(2) Eine Haftung des Auftragnehmers f\u00fcr Besch\u00e4digung bzw. Verlust der vom Auftraggeber \u00fcbergebenen Materialien ist ausgeschlossen.<\/p><p>Der Auftraggeber hat f\u00fcr eine ausreichende Sicherung seiner Daten zu sorgen.<\/p><h4>\u00a7 5. Berufsgeheimnis<\/h4><p>(1) Der Auftragnehmer und Auftraggeber verpflichten sich, vom Auftraggeber oder vom Auftragnehmer im Zusammenhang mit dem Auftrag \u00fcberlassene Informationen, Unterlagen und vereinbarte Konditionen vertraulich zu behandeln.<\/p><h4>\u00a7 6. Verg\u00fctung und Grundlagen der Berechnung<\/h4><p>(1) Der Umfang der Auftragsarbeiten wird anhand der aktuellen Preislisten unter Beachtung der vereinbarten Konditionen berechnet.<\/p><p>(2) Die Zahlungen und Verg\u00fctungen sind unter Beachtung der vom Auftragnehmer (KSR GmbH) gew\u00e4hrten Fristen zu leisten. Im \u00fcbrigen ist die Verg\u00fctung sofort nach Bestellungen, Lieferungen oder Abgabe der Auftragsarbeiten f\u00e4llig.<\/p><p>(3) Der Auftragnehmer hat neben dem vereinbarten Honorar Anspruch auf die Erstattung der tats\u00e4chlichen angefallenen Aufwendungen. Korrekturarbeiten werden nach Aufwand berechnet. Der Auftragnehmer kann bei umfangreichen Auftr\u00e4ge einen Vorschu\u00df verlangen, der f\u00fcr die Durchf\u00fchrung des Auftrages objektiv notwendig ist. Er kann die \u00dcbergabe seiner Arbeit von der vorherigen Zahlung seines vollen Honorars abh\u00e4ngig machen.<\/p><p>(4) Ist die H\u00f6he des Honorars nicht vereinbart, so ist eine nach Art und Schwierigkeit angemessene und \u00fcbliche Verg\u00fctung geschuldet.<\/p><h4>\u00a7 7. Eigentumsvorbehalt<\/h4><p>(1) Der Auftraggeber hat erst nach vollst\u00e4ndiger Bezahlung das Recht zur Nutzung des Auftrages.<br \/>(2) Der Auftragnehmer (KSR GmbH) hat das Urheberrecht an denAuftragsarbeiten.<\/p><h4>\u00a7 8. Vertragsk\u00fcndigung<\/h4><p>(1) Der Auftraggeber kann den erteilten Vertrag (Auftrag) bis zur Fertigstellung der Auftragsarbeiten nur aus wichtigem Grund k\u00fcndigen. Die K\u00fcndigung ist nur dann wirksam, wenn sie dem Auftragnehmer gegen\u00fcber schriftlich erkl\u00e4rt wurde. Dem Auftragnehmer steht in diesem Fall Schadensersatz f\u00fcr entgangenen Gewinn in H\u00f6he des Auftragwertes zu.<\/p><h4>\u00a7 9. Anwendbares Recht<\/h4><p>(1) F\u00fcr den Auftrag und alle sich daraus ergebenden Anspr\u00fcche gilt Deutsches Recht, Gerichtsstand ist der Sitz des Auftragnehmers (KSR GmbH).<\/p><p>(2) Die Wirksamkeit dieser Auftragsbedingungen wird durch die Nichtigkeit und Unwirksamkeit einzelner Bestimmungen nicht ber\u00fchrt.<br \/>KSR GmbH Allgemeine Auftragsbedingungen.<\/p><\/div>\t\t\t\t\t\t\t\t<\/div>\n\t\t\t\t<\/div>\n\t\t\t\t\t<\/div>\n\t\t<\/div>\n\t\t\t\t\t<\/div>\n\t\t<\/section>\n\t\t\t\t\t<\/div>\n\t\t<\/div>\n\t\t\t\t\t<\/div>\n\t\t<\/section>\n\t\t\t\t<\/div>\n\t\t","protected":false},"excerpt":{"rendered":"<p>Allgemeine Gesch\u00e4ftsbedingungen der Kopier-Service Reinbek GmbH \u00a7 1. Geltungsbereich (1) Diese Auftragsbedingungen gelten f\u00fcr Vertr\u00e4ge zwischen dem KSR GmbH und Ihren Auftraggeber (Kunden), soweit nicht anderes ausdr\u00fccklich vereinbart oder gesetzlich unabdingbar vorgeschrieben ist. (2) Diese allgemeine Gesch\u00e4ftsbedingungen sind f\u00fcr die Kunden verbindlich, in dem Moment, in dem der Auftragnehmer (KSR GmbH) f\u00fcr die Kunden t\u00e4tig [&hellip;]<\/p>\n","protected":false},"author":3,"featured_media":0,"parent":0,"menu_order":0,"comment_status":"closed","ping_status":"closed","template":"","meta":{"footnotes":""},"class_list":["post-2436","page","type-page","status-publish","hentry"],"_links":{"self":[{"href":"https:\/\/ksrgmbh.de\/index.php?rest_route=\/wp\/v2\/pages\/2436","targetHints":{"allow":["GET"]}}],"collection":[{"href":"https:\/\/ksrgmbh.de\/index.php?rest_route=\/wp\/v2\/pages"}],"about":[{"href":"https:\/\/ksrgmbh.de\/index.php?rest_route=\/wp\/v2\/types\/page"}],"author":[{"embeddable":true,"href":"https:\/\/ksrgmbh.de\/index.php?rest_route=\/wp\/v2\/users\/3"}],"replies":[{"embeddable":true,"href":"https:\/\/ksrgmbh.de\/index.php?rest_route=%2Fwp%2Fv2%2Fcomments&post=2436"}],"version-history":[{"count":3,"href":"https:\/\/ksrgmbh.de\/index.php?rest_route=\/wp\/v2\/pages\/2436\/revisions"}],"predecessor-version":[{"id":2439,"href":"https:\/\/ksrgmbh.de\/index.php?rest_route=\/wp\/v2\/pages\/2436\/revisions\/2439"}],"wp:attachment":[{"href":"https:\/\/ksrgmbh.de\/index.php?rest_route=%2Fwp%2Fv2%2Fmedia&parent=2436"}],"curies":[{"name":"wp","href":"https:\/\/api.w.org\/{rel}","templated":true}]}}