{"id":3892,"date":"2025-11-25T11:23:23","date_gmt":"2025-11-25T10:23:23","guid":{"rendered":"https:\/\/ksrgmbh.de\/?page_id=3892"},"modified":"2025-11-28T12:45:36","modified_gmt":"2025-11-28T11:45:36","slug":"druck-notdienst","status":"publish","type":"page","link":"https:\/\/ksrgmbh.de\/?page_id=3892","title":{"rendered":"Druck-Notdienst"},"content":{"rendered":"\t\t<div data-elementor-type=\"wp-page\" data-elementor-id=\"3892\" class=\"elementor elementor-3892\" data-elementor-post-type=\"page\">\n\t\t\t\t\t\t<section class=\"elementor-section elementor-top-section elementor-element elementor-element-2e2d044a elementor-section-boxed elementor-section-height-default elementor-section-height-default\" data-id=\"2e2d044a\" data-element_type=\"section\" data-e-type=\"section\">\n\t\t\t\t\t\t<div class=\"elementor-container elementor-column-gap-default\">\n\t\t\t\t\t<div class=\"elementor-column elementor-col-50 elementor-top-column elementor-element elementor-element-6364a8f7\" data-id=\"6364a8f7\" data-element_type=\"column\" data-e-type=\"column\">\n\t\t\t<div class=\"elementor-widget-wrap elementor-element-populated\">\n\t\t\t\t\t\t<div class=\"elementor-element elementor-element-471a3e66 elementor-widget elementor-widget-image\" data-id=\"471a3e66\" data-element_type=\"widget\" data-e-type=\"widget\" data-widget_type=\"image.default\">\n\t\t\t\t<div class=\"elementor-widget-container\">\n\t\t\t\t\t\t\t\t\t\t\t\t\t\t\t<img fetchpriority=\"high\" decoding=\"async\" width=\"704\" height=\"503\" src=\"https:\/\/ksrgmbh.de\/wp-content\/uploads\/2025\/11\/Scannen_A0_KSRGmbH.png\" class=\"attachment-large size-large wp-image-3898\" alt=\"\" srcset=\"https:\/\/ksrgmbh.de\/wp-content\/uploads\/2025\/11\/Scannen_A0_KSRGmbH.png 704w, https:\/\/ksrgmbh.de\/wp-content\/uploads\/2025\/11\/Scannen_A0_KSRGmbH-300x214.png 300w\" sizes=\"(max-width: 704px) 100vw, 704px\" \/>\t\t\t\t\t\t\t\t\t\t\t\t\t\t\t<\/div>\n\t\t\t\t<\/div>\n\t\t\t\t\t<\/div>\n\t\t<\/div>\n\t\t\t\t<div class=\"elementor-column elementor-col-50 elementor-top-column elementor-element elementor-element-2f4a18b8\" data-id=\"2f4a18b8\" data-element_type=\"column\" data-e-type=\"column\">\n\t\t\t<div class=\"elementor-widget-wrap elementor-element-populated\">\n\t\t\t\t\t\t<div class=\"elementor-element elementor-element-202ebbf2 elementor-widget elementor-widget-heading\" data-id=\"202ebbf2\" data-element_type=\"widget\" data-e-type=\"widget\" data-widget_type=\"heading.default\">\n\t\t\t\t<div class=\"elementor-widget-container\">\n\t\t\t\t\t<h1 class=\"elementor-heading-title elementor-size-default\">Druck-Notdienst \u2013 Wenn es wirklich eilig ist. <\/h1>\t\t\t\t<\/div>\n\t\t\t\t<\/div>\n\t\t\t\t<div class=\"elementor-element elementor-element-01f588f elementor-widget elementor-widget-heading\" data-id=\"01f588f\" data-element_type=\"widget\" data-e-type=\"widget\" data-widget_type=\"heading.default\">\n\t\t\t\t<div class=\"elementor-widget-container\">\n\t\t\t\t\t<h3 class=\"elementor-heading-title elementor-size-default\">Auch am Wochenende, Feiertag oder sp\u00e4t am Abend.<\/h3>\t\t\t\t<\/div>\n\t\t\t\t<\/div>\n\t\t\t\t<div class=\"elementor-element elementor-element-480bb803 elementor-widget elementor-widget-text-editor\" data-id=\"480bb803\" data-element_type=\"widget\" data-e-type=\"widget\" data-widget_type=\"text-editor.default\">\n\t\t\t\t<div class=\"elementor-widget-container\">\n\t\t\t\t\t\t\t\t\t<p data-start=\"2194\" data-end=\"2532\">Manchmal muss es einfach <strong data-start=\"2219\" data-end=\"2235\">jetzt sofort<\/strong> gehen: Ein wichtiger Termin steht vor der T\u00fcr, ein Messestand \u00f6ffnet schon morgen oder eine dringende Pr\u00e4sentation ben\u00f6tigt professionelle Unterlagen. Doch die Lieferung der Online-Druckerei verz\u00f6gert sich, das Endprodukt ist fehlerhaft \u2013 oder ein Satzfehler wird erst in letzter Minute entdeckt.<\/p><p data-start=\"2534\" data-end=\"2704\">Genau f\u00fcr diese Momente gibt es unseren <strong data-start=\"2574\" data-end=\"2593\">Druck-Notdienst<\/strong>.<br data-start=\"2594\" data-end=\"2597\" \/><strong data-start=\"2597\" data-end=\"2636\">Schnell, zuverl\u00e4ssig und pers\u00f6nlich<\/strong> \u2013 ohne lange Wartezeiten, ohne automatisierte Systeme, ohne Stress.<\/p>\t\t\t\t\t\t\t\t<\/div>\n\t\t\t\t<\/div>\n\t\t\t\t\t<\/div>\n\t\t<\/div>\n\t\t\t\t\t<\/div>\n\t\t<\/section>\n\t\t\t\t<section class=\"elementor-section elementor-top-section elementor-element elementor-element-1cdbcea6 elementor-section-boxed elementor-section-height-default elementor-section-height-default elementor-invisible\" data-id=\"1cdbcea6\" data-element_type=\"section\" data-e-type=\"section\" data-settings=\"{&quot;background_background&quot;:&quot;classic&quot;,&quot;animation&quot;:&quot;fadeInUp&quot;}\">\n\t\t\t\t\t\t<div class=\"elementor-container elementor-column-gap-default\">\n\t\t\t\t\t<div class=\"elementor-column elementor-col-100 elementor-top-column elementor-element elementor-element-79b2bfd5\" data-id=\"79b2bfd5\" data-element_type=\"column\" data-e-type=\"column\">\n\t\t\t<div class=\"elementor-widget-wrap elementor-element-populated\">\n\t\t\t\t\t\t<div class=\"elementor-element elementor-element-42608cea elementor-widget elementor-widget-heading\" data-id=\"42608cea\" data-element_type=\"widget\" data-e-type=\"widget\" data-widget_type=\"heading.default\">\n\t\t\t\t<div class=\"elementor-widget-container\">\n\t\t\t\t\t<h2 class=\"elementor-heading-title elementor-size-default\">Warum unser Notdienst die bessere L\u00f6sung ist<\/h2>\t\t\t\t<\/div>\n\t\t\t\t<\/div>\n\t\t\t\t<div class=\"elementor-element elementor-element-a5a36c8 elementor-view-stacked elementor-shape-square elementor-position-inline-start elementor-mobile-position-block-start elementor-widget elementor-widget-icon-box\" data-id=\"a5a36c8\" data-element_type=\"widget\" data-e-type=\"widget\" data-widget_type=\"icon-box.default\">\n\t\t\t\t<div class=\"elementor-widget-container\">\n\t\t\t\t\t\t\t<div class=\"elementor-icon-box-wrapper\">\n\n\t\t\t\t\t\t<div class=\"elementor-icon-box-icon\">\n\t\t\t\t<span  class=\"elementor-icon\">\n\t\t\t\t<i aria-hidden=\"true\" class=\"fas fa-check\"><\/i>\t\t\t\t<\/span>\n\t\t\t<\/div>\n\t\t\t\n\t\t\t\t\t\t<div class=\"elementor-icon-box-content\">\n\n\t\t\t\t\t\t\t\t\t<h3 class=\"elementor-icon-box-title\">\n\t\t\t\t\t\t<span  >\n\t\t\t\t\t\t\tProduktion an Wochenenden, Feiertagen &amp; au\u00dferhalb der \u00d6ffnungszeiten f\u00fcr Auftr\u00e4ge ab 150 \u20ac\t\t\t\t\t\t<\/span>\n\t\t\t\t\t<\/h3>\n\t\t\t\t\n\t\t\t\t\t\t\t\t\t<p class=\"elementor-icon-box-description\">\n\t\t\t\t\t\tWenn alle anderen Feierabend haben, machen wir weiter.\t\t\t\t\t<\/p>\n\t\t\t\t\n\t\t\t<\/div>\n\t\t\t\n\t\t<\/div>\n\t\t\t\t\t\t<\/div>\n\t\t\t\t<\/div>\n\t\t\t\t<div class=\"elementor-element elementor-element-6706abc elementor-view-stacked elementor-shape-square elementor-position-inline-start elementor-mobile-position-block-start elementor-widget elementor-widget-icon-box\" data-id=\"6706abc\" data-element_type=\"widget\" data-e-type=\"widget\" data-widget_type=\"icon-box.default\">\n\t\t\t\t<div class=\"elementor-widget-container\">\n\t\t\t\t\t\t\t<div class=\"elementor-icon-box-wrapper\">\n\n\t\t\t\t\t\t<div class=\"elementor-icon-box-icon\">\n\t\t\t\t<span  class=\"elementor-icon\">\n\t\t\t\t<i aria-hidden=\"true\" class=\"fas fa-check\"><\/i>\t\t\t\t<\/span>\n\t\t\t<\/div>\n\t\t\t\n\t\t\t\t\t\t<div class=\"elementor-icon-box-content\">\n\n\t\t\t\t\t\t\t\t\t<h3 class=\"elementor-icon-box-title\">\n\t\t\t\t\t\t<span  >\n\t\t\t\t\t\t\tSofortkontakt &amp; pers\u00f6nliche Beratung\t\t\t\t\t\t<\/span>\n\t\t\t\t\t<\/h3>\n\t\t\t\t\n\t\t\t\t\t\t\t\t\t<p class=\"elementor-icon-box-description\">\n\t\t\t\t\t\tTelefon, WhatsApp oder E-Mail \u2013 in Minuten erreichbar, nicht erst am n\u00e4chsten Werktag.\t\t\t\t\t<\/p>\n\t\t\t\t\n\t\t\t<\/div>\n\t\t\t\n\t\t<\/div>\n\t\t\t\t\t\t<\/div>\n\t\t\t\t<\/div>\n\t\t\t\t<div class=\"elementor-element elementor-element-6e0e02f elementor-view-stacked elementor-shape-square elementor-position-inline-start elementor-mobile-position-block-start elementor-widget elementor-widget-icon-box\" data-id=\"6e0e02f\" data-element_type=\"widget\" data-e-type=\"widget\" data-widget_type=\"icon-box.default\">\n\t\t\t\t<div class=\"elementor-widget-container\">\n\t\t\t\t\t\t\t<div class=\"elementor-icon-box-wrapper\">\n\n\t\t\t\t\t\t<div class=\"elementor-icon-box-icon\">\n\t\t\t\t<span  class=\"elementor-icon\">\n\t\t\t\t<i aria-hidden=\"true\" class=\"fas fa-check\"><\/i>\t\t\t\t<\/span>\n\t\t\t<\/div>\n\t\t\t\n\t\t\t\t\t\t<div class=\"elementor-icon-box-content\">\n\n\t\t\t\t\t\t\t\t\t<h3 class=\"elementor-icon-box-title\">\n\t\t\t\t\t\t<span  >\n\t\t\t\t\t\t\tDruckvorstufen-Check &amp; Fehlerkorrektur in Echtzeit\t\t\t\t\t\t<\/span>\n\t\t\t\t\t<\/h3>\n\t\t\t\t\n\t\t\t\t\t\t\t\t\t<p class=\"elementor-icon-box-description\">\n\t\t\t\t\t\tWir pr\u00fcfen, ob Ihre Daten f\u00fcr den optimalen Druck geeignet sind und korrigieren auf Wunsch Satz- oder Druckfehler (kein inhaltlicher Check oder Rechtschreibpr\u00fcfung).\t\t\t\t\t<\/p>\n\t\t\t\t\n\t\t\t<\/div>\n\t\t\t\n\t\t<\/div>\n\t\t\t\t\t\t<\/div>\n\t\t\t\t<\/div>\n\t\t\t\t<div class=\"elementor-element elementor-element-45f7745 elementor-view-stacked elementor-shape-square elementor-position-inline-start elementor-mobile-position-block-start elementor-widget elementor-widget-icon-box\" data-id=\"45f7745\" data-element_type=\"widget\" data-e-type=\"widget\" data-widget_type=\"icon-box.default\">\n\t\t\t\t<div class=\"elementor-widget-container\">\n\t\t\t\t\t\t\t<div class=\"elementor-icon-box-wrapper\">\n\n\t\t\t\t\t\t<div class=\"elementor-icon-box-icon\">\n\t\t\t\t<span  class=\"elementor-icon\">\n\t\t\t\t<i aria-hidden=\"true\" class=\"fas fa-check\"><\/i>\t\t\t\t<\/span>\n\t\t\t<\/div>\n\t\t\t\n\t\t\t\t\t\t<div class=\"elementor-icon-box-content\">\n\n\t\t\t\t\t\t\t\t\t<h3 class=\"elementor-icon-box-title\">\n\t\t\t\t\t\t<span  >\n\t\t\t\t\t\t\tExpress-Produktion mit Priorit\u00e4t\t\t\t\t\t\t<\/span>\n\t\t\t\t\t<\/h3>\n\t\t\t\t\n\t\t\t\t\t\t\t\t\t<p class=\"elementor-icon-box-description\">\n\t\t\t\t\t\tIhre Auftr\u00e4ge werden sofort eingeplant \u2013 ohne Wartezeiten.\t\t\t\t\t<\/p>\n\t\t\t\t\n\t\t\t<\/div>\n\t\t\t\n\t\t<\/div>\n\t\t\t\t\t\t<\/div>\n\t\t\t\t<\/div>\n\t\t\t\t<div class=\"elementor-element elementor-element-2a6b101 elementor-view-stacked elementor-shape-square elementor-position-inline-start elementor-mobile-position-block-start elementor-widget elementor-widget-icon-box\" data-id=\"2a6b101\" data-element_type=\"widget\" data-e-type=\"widget\" data-widget_type=\"icon-box.default\">\n\t\t\t\t<div class=\"elementor-widget-container\">\n\t\t\t\t\t\t\t<div class=\"elementor-icon-box-wrapper\">\n\n\t\t\t\t\t\t<div class=\"elementor-icon-box-icon\">\n\t\t\t\t<span  class=\"elementor-icon\">\n\t\t\t\t<i aria-hidden=\"true\" class=\"fas fa-check\"><\/i>\t\t\t\t<\/span>\n\t\t\t<\/div>\n\t\t\t\n\t\t\t\t\t\t<div class=\"elementor-icon-box-content\">\n\n\t\t\t\t\t\t\t\t\t<h3 class=\"elementor-icon-box-title\">\n\t\t\t\t\t\t<span  >\n\t\t\t\t\t\t\tLieferung je nach Auftrag und Materialverf\u00fcgbarkeit noch am selben Tag\t\t\t\t\t\t<\/span>\n\t\t\t\t\t<\/h3>\n\t\t\t\t\n\t\t\t\t\t\t\t\t\t<p class=\"elementor-icon-box-description\">\n\t\t\t\t\t\tAuf Wunsch per Kurier direkt zu Ihnen, ins B\u00fcro, ins Hotel oder zu Ihrer Veranstaltung.\t\t\t\t\t<\/p>\n\t\t\t\t\n\t\t\t<\/div>\n\t\t\t\n\t\t<\/div>\n\t\t\t\t\t\t<\/div>\n\t\t\t\t<\/div>\n\t\t\t\t<div class=\"elementor-element elementor-element-cb7d26a elementor-view-stacked elementor-shape-square elementor-position-inline-start elementor-mobile-position-block-start elementor-widget elementor-widget-icon-box\" data-id=\"cb7d26a\" data-element_type=\"widget\" data-e-type=\"widget\" data-widget_type=\"icon-box.default\">\n\t\t\t\t<div class=\"elementor-widget-container\">\n\t\t\t\t\t\t\t<div class=\"elementor-icon-box-wrapper\">\n\n\t\t\t\t\t\t<div class=\"elementor-icon-box-icon\">\n\t\t\t\t<span  class=\"elementor-icon\">\n\t\t\t\t<i aria-hidden=\"true\" class=\"fas fa-check\"><\/i>\t\t\t\t<\/span>\n\t\t\t<\/div>\n\t\t\t\n\t\t\t\t\t\t<div class=\"elementor-icon-box-content\">\n\n\t\t\t\t\t\t\t\t\t<h3 class=\"elementor-icon-box-title\">\n\t\t\t\t\t\t<span  >\n\t\t\t\t\t\t\tQualit\u00e4t statt Kompromisse\t\t\t\t\t\t<\/span>\n\t\t\t\t\t<\/h3>\n\t\t\t\t\n\t\t\t\t\t\t\t\t\t<p class=\"elementor-icon-box-description\">\n\t\t\t\t\t\tProfessionelle Beratung, hochwertige Materialien, moderne Drucktechnik.\t\t\t\t\t<\/p>\n\t\t\t\t\n\t\t\t<\/div>\n\t\t\t\n\t\t<\/div>\n\t\t\t\t\t\t<\/div>\n\t\t\t\t<\/div>\n\t\t\t\t\t<\/div>\n\t\t<\/div>\n\t\t\t\t\t<\/div>\n\t\t<\/section>\n\t\t\t\t<section class=\"elementor-section elementor-top-section elementor-element elementor-element-68d9395f elementor-section-boxed elementor-section-height-default elementor-section-height-default\" data-id=\"68d9395f\" data-element_type=\"section\" data-e-type=\"section\" data-settings=\"{&quot;background_background&quot;:&quot;classic&quot;,&quot;animation&quot;:&quot;none&quot;}\">\n\t\t\t\t\t\t<div class=\"elementor-container elementor-column-gap-default\">\n\t\t\t\t\t<div class=\"elementor-column elementor-col-50 elementor-top-column elementor-element elementor-element-16cb5bab\" data-id=\"16cb5bab\" data-element_type=\"column\" data-e-type=\"column\">\n\t\t\t<div class=\"elementor-widget-wrap elementor-element-populated\">\n\t\t\t\t\t\t<div class=\"elementor-element elementor-element-d80f1ef elementor-widget elementor-widget-text-editor\" data-id=\"d80f1ef\" data-element_type=\"widget\" data-e-type=\"widget\" data-widget_type=\"text-editor.default\">\n\t\t\t\t<div class=\"elementor-widget-container\">\n\t\t\t\t\t\t\t\t\t<h2 data-start=\"3545\" data-end=\"3600\"><strong data-start=\"3548\" data-end=\"3600\">F\u00fcr welche Produkte eignet sich unser Notdienst?<\/strong><\/h2><p data-start=\"3602\" data-end=\"3846\">\u2022 Visitenkarten &amp; Flyer<br data-start=\"3625\" data-end=\"3628\" \/>\u2022 Brosch\u00fcren &amp; Magazine<br data-start=\"3651\" data-end=\"3654\" \/>\u2022 Plakate, Banner &amp; Roll-ups<br data-start=\"3682\" data-end=\"3685\" \/>\u2022 Speisekarten &amp; Gastronomie-Drucksachen<br data-start=\"3725\" data-end=\"3728\" \/>\u2022 Diplom-, Bachelor- &amp; Masterarbeiten<br data-start=\"3765\" data-end=\"3768\" \/>\u2022 Pr\u00e4sentationsunterlagen<br data-start=\"3793\" data-end=\"3796\" \/>\u2022 Einladungen, Programme, Mappen und vieles mehr<\/p><p data-start=\"3848\" data-end=\"3895\"><strong>Wenn es druckbar ist \u2013 drucken wir es. Schnell.<\/strong><\/p>\t\t\t\t\t\t\t\t<\/div>\n\t\t\t\t<\/div>\n\t\t\t\t\t<\/div>\n\t\t<\/div>\n\t\t\t\t<div class=\"elementor-column elementor-col-50 elementor-top-column elementor-element elementor-element-467bda11\" data-id=\"467bda11\" data-element_type=\"column\" data-e-type=\"column\" data-settings=\"{&quot;background_background&quot;:&quot;classic&quot;}\">\n\t\t\t<div class=\"elementor-widget-wrap elementor-element-populated\">\n\t\t\t\t\t\t<div class=\"elementor-element elementor-element-4759e75 elementor-widget elementor-widget-text-editor\" data-id=\"4759e75\" data-element_type=\"widget\" data-e-type=\"widget\" data-widget_type=\"text-editor.default\">\n\t\t\t\t<div class=\"elementor-widget-container\">\n\t\t\t\t\t\t\t\t\t<h2 data-start=\"3902\" data-end=\"3934\"><strong data-start=\"3905\" data-end=\"3934\">So einfach funktioniert\u2019s<\/strong><\/h2><ol data-start=\"3936\" data-end=\"4298\"><li data-start=\"3936\" data-end=\"4017\"><p data-start=\"3939\" data-end=\"4017\"><strong data-start=\"3939\" data-end=\"3960\">Kontakt aufnehmen<\/strong><br data-start=\"3960\" data-end=\"3963\" \/>Per Telefon, WhatsApp oder E-Mail \u2013 rund um die Uhr.<\/p><\/li><li data-start=\"4018\" data-end=\"4129\"><p data-start=\"4021\" data-end=\"4129\"><strong data-start=\"4021\" data-end=\"4052\">Daten senden &amp; Sofort-Check<\/strong><br data-start=\"4052\" data-end=\"4055\" \/>Wir pr\u00fcfen, ob alles druckbereit ist, und geben eine klare Einsch\u00e4tzung (kein inhaltlicher Check oder Rechtschreibpr\u00fcfung).<\/p><\/li><li data-start=\"4130\" data-end=\"4205\"><p data-start=\"4133\" data-end=\"4205\"><strong data-start=\"4133\" data-end=\"4158\">Freigabe &amp; Produktion<\/strong><br data-start=\"4158\" data-end=\"4161\" \/>Nach Ihrer Best\u00e4tigung starten wir sofort.<\/p><\/li><li data-start=\"4206\" data-end=\"4298\"><p data-start=\"4209\" data-end=\"4298\"><strong data-start=\"4209\" data-end=\"4244\">Abholung oder Express-Lieferung<\/strong><br data-start=\"4244\" data-end=\"4247\" \/>Sie entscheiden, wie Sie Ihre Drucksachen erhalten.<\/p><\/li><\/ol>\t\t\t\t\t\t\t\t<\/div>\n\t\t\t\t<\/div>\n\t\t\t\t\t<\/div>\n\t\t<\/div>\n\t\t\t\t\t<\/div>\n\t\t<\/section>\n\t\t\t\t<section class=\"elementor-section elementor-top-section elementor-element elementor-element-e3e78ac elementor-section-boxed elementor-section-height-default elementor-section-height-default elementor-invisible\" data-id=\"e3e78ac\" data-element_type=\"section\" data-e-type=\"section\" data-settings=\"{&quot;background_background&quot;:&quot;classic&quot;,&quot;animation&quot;:&quot;fadeInUp&quot;}\">\n\t\t\t\t\t\t<div class=\"elementor-container elementor-column-gap-default\">\n\t\t\t\t\t<div class=\"elementor-column elementor-col-100 elementor-top-column elementor-element elementor-element-bcdfc81\" data-id=\"bcdfc81\" data-element_type=\"column\" data-e-type=\"column\">\n\t\t\t<div class=\"elementor-widget-wrap elementor-element-populated\">\n\t\t\t\t\t\t<div class=\"elementor-element elementor-element-0a71678 elementor-view-default elementor-position-block-start elementor-mobile-position-block-start elementor-widget elementor-widget-icon-box\" data-id=\"0a71678\" data-element_type=\"widget\" data-e-type=\"widget\" data-widget_type=\"icon-box.default\">\n\t\t\t\t<div class=\"elementor-widget-container\">\n\t\t\t\t\t\t\t<div class=\"elementor-icon-box-wrapper\">\n\n\t\t\t\t\t\t<div class=\"elementor-icon-box-icon\">\n\t\t\t\t<span  class=\"elementor-icon\">\n\t\t\t\t<i aria-hidden=\"true\" class=\"fas fa-ambulance\"><\/i>\t\t\t\t<\/span>\n\t\t\t<\/div>\n\t\t\t\n\t\t\t\t\t\t<div class=\"elementor-icon-box-content\">\n\n\t\t\t\t\t\t\t\t\t<h3 class=\"elementor-icon-box-title\">\n\t\t\t\t\t\t<span  >\n\t\t\t\t\t\t\tIn Notf\u00e4llen f\u00fcr Sie da \u2013 zuverl\u00e4ssig und direkt\t\t\t\t\t\t<\/span>\n\t\t\t\t\t<\/h3>\n\t\t\t\t\n\t\t\t\t\t\t\t\t\t<p class=\"elementor-icon-box-description\">\n\t\t\t\t\t\tWenn die Zeit dr\u00e4ngt und Sie sich auf jemanden verlassen m\u00fcssen, bieten wir Ihnen einen Service, der h\u00e4lt, was er verspricht: Schnelligkeit, Flexibilit\u00e4t und h\u00f6chste Druckqualit\u00e4t \u2013 genau dann, wenn Sie sie brauchen.\t\t\t\t\t<\/p>\n\t\t\t\t\n\t\t\t<\/div>\n\t\t\t\n\t\t<\/div>\n\t\t\t\t\t\t<\/div>\n\t\t\t\t<\/div>\n\t\t\t\t\t<\/div>\n\t\t<\/div>\n\t\t\t\t\t<\/div>\n\t\t<\/section>\n\t\t\t\t<\/div>\n\t\t","protected":false},"excerpt":{"rendered":"<p>Druck-Notdienst \u2013 Wenn es wirklich eilig ist. Auch am Wochenende, Feiertag oder sp\u00e4t am Abend. Manchmal muss es einfach jetzt sofort gehen: Ein wichtiger Termin steht vor der T\u00fcr, ein Messestand \u00f6ffnet schon morgen oder eine dringende Pr\u00e4sentation ben\u00f6tigt professionelle Unterlagen. Doch die Lieferung der Online-Druckerei verz\u00f6gert sich, das Endprodukt ist fehlerhaft \u2013 oder ein [&hellip;]<\/p>\n","protected":false},"author":3,"featured_media":0,"parent":0,"menu_order":0,"comment_status":"closed","ping_status":"closed","template":"","meta":{"footnotes":""},"class_list":["post-3892","page","type-page","status-publish","hentry"],"_links":{"self":[{"href":"https:\/\/ksrgmbh.de\/index.php?rest_route=\/wp\/v2\/pages\/3892","targetHints":{"allow":["GET"]}}],"collection":[{"href":"https:\/\/ksrgmbh.de\/index.php?rest_route=\/wp\/v2\/pages"}],"about":[{"href":"https:\/\/ksrgmbh.de\/index.php?rest_route=\/wp\/v2\/types\/page"}],"author":[{"embeddable":true,"href":"https:\/\/ksrgmbh.de\/index.php?rest_route=\/wp\/v2\/users\/3"}],"replies":[{"embeddable":true,"href":"https:\/\/ksrgmbh.de\/index.php?rest_route=%2Fwp%2Fv2%2Fcomments&post=3892"}],"version-history":[{"count":10,"href":"https:\/\/ksrgmbh.de\/index.php?rest_route=\/wp\/v2\/pages\/3892\/revisions"}],"predecessor-version":[{"id":3926,"href":"https:\/\/ksrgmbh.de\/index.php?rest_route=\/wp\/v2\/pages\/3892\/revisions\/3926"}],"wp:attachment":[{"href":"https:\/\/ksrgmbh.de\/index.php?rest_route=%2Fwp%2Fv2%2Fmedia&parent=3892"}],"curies":[{"name":"wp","href":"https:\/\/api.w.org\/{rel}","templated":true}]}}